{"id":10,"date":"2017-02-18T10:03:44","date_gmt":"2017-02-18T10:03:44","guid":{"rendered":"http:\/\/wp.bergsaenger-geyer.de\/?page_id=10"},"modified":"2025-10-22T09:37:25","modified_gmt":"2025-10-22T09:37:25","slug":"termine","status":"publish","type":"page","link":"https:\/\/bergsaenger-geyer.de\/","title":{"rendered":"Home"},"content":{"rendered":"<h2>Traditionell Modern &#8211; Herzlich Willkommen auf den Seiten der <strong>Bergs\u00e4nger<\/strong> Geyer!<\/h2>\n<div>Die<strong> BERGS\u00c4NGER<\/strong> GEYER sind ein vierstimmiges Gesangsensemble.<\/div>\n<div>Neben bekannten erzgebirgischen St\u00fccken, die in original Mundart gesungen werden, sind hochdeutsche Bergmannslieder, klassische Gesangsst\u00fccke, sowie auch Hits aus den 80er\/90er Jahren im Programm vertreten. Gem\u00e4\u00df dem Slogan &#8222;traditionell modern&#8220; werden das Repertoire zus\u00e4tzlich durch stilvolle Eigenkompositionen und zeitgem\u00e4\u00dfe Arrangements st\u00e4ndig erweitert. N\u00e4her Infos zu den Programmoptionen finden Sie <a href=\"https:\/\/bergsaenger-geyer.de\/?page_id=31\">hier<\/a>.<\/div>\n<div>\u00a0<\/div>\n\n\n<p>Ihr k\u00f6nnt euch die Musik der Bergs\u00e4nger nach Hause holen. Hier ist die <a href=\"https:\/\/musik-aus-dem-erzgebirge.de\/\">Musik aus dem Erzgebirge<\/a>.<\/p>\n\n\n\n<h2 class=\"wp-block-heading\">Konzerthighlights 2025 &#8211; Tickets im <a href=\"http:\/\/bergs\u00e4nger.de\/?page_id=96\"><mark style=\"background-color:rgba(0, 0, 0, 0)\" class=\"has-inline-color has-vivid-purple-color\">Online Shop<\/mark><\/a>.<\/h2>\n\n\n\n<p><\/p>\n\n\n\n<p><strong>So klingts bei uns im Arzgebirg &#8211; 11. Weihnachtsgala 2025<\/strong><\/p>\n\n\n\n<figure class=\"wp-block-image size-large\"><img loading=\"lazy\" decoding=\"async\" width=\"730\" height=\"1024\" src=\"https:\/\/bergsaenger-geyer.de\/wp-content\/uploads\/2024\/12\/Veranstaltungsplakat-2025-SkbuiA-730x1024.jpg\" alt=\"\" class=\"wp-image-335\" srcset=\"https:\/\/bergsaenger-geyer.de\/wp-content\/uploads\/2024\/12\/Veranstaltungsplakat-2025-SkbuiA-730x1024.jpg 730w, https:\/\/bergsaenger-geyer.de\/wp-content\/uploads\/2024\/12\/Veranstaltungsplakat-2025-SkbuiA-214x300.jpg 214w, https:\/\/bergsaenger-geyer.de\/wp-content\/uploads\/2024\/12\/Veranstaltungsplakat-2025-SkbuiA-768x1077.jpg 768w, https:\/\/bergsaenger-geyer.de\/wp-content\/uploads\/2024\/12\/Veranstaltungsplakat-2025-SkbuiA-1095x1536.jpg 1095w, https:\/\/bergsaenger-geyer.de\/wp-content\/uploads\/2024\/12\/Veranstaltungsplakat-2025-SkbuiA-1460x2048.jpg 1460w, https:\/\/bergsaenger-geyer.de\/wp-content\/uploads\/2024\/12\/Veranstaltungsplakat-2025-SkbuiA.jpg 1819w\" sizes=\"auto, (max-width: 730px) 100vw, 730px\" \/><\/figure>\n\n\n\n<p>\/Tickets an der Ticket Hotline, allen Freie Presse Vorverkaufsstellen und online im  <a href=\"http:\/\/bergs\u00e4nger.de\/?page_id=96\"><mark style=\"background-color:rgba(0, 0, 0, 0)\" class=\"has-inline-color has-vivid-purple-color\">Online Shop<\/mark><\/a>.<\/p>\n","protected":false},"excerpt":{"rendered":"<p>Traditionell Modern &#8211; Herzlich Willkommen auf den Seiten der Bergs\u00e4nger Geyer! Die BERGS\u00c4NGER GEYER sind ein vierstimmiges Gesangsensemble. Neben bekannten erzgebirgischen St\u00fccken, die in original Mundart gesungen werden, sind hochdeutsche &#8230;<\/p>\n","protected":false},"author":1,"featured_media":5,"parent":0,"menu_order":0,"comment_status":"closed","ping_status":"closed","template":"","meta":{"footnotes":""},"class_list":["post-10","page","type-page","status-publish","has-post-thumbnail","hentry"],"_links":{"self":[{"href":"https:\/\/bergsaenger-geyer.de\/index.php?rest_route=\/wp\/v2\/pages\/10","targetHints":{"allow":["GET"]}}],"collection":[{"href":"https:\/\/bergsaenger-geyer.de\/index.php?rest_route=\/wp\/v2\/pages"}],"about":[{"href":"https:\/\/bergsaenger-geyer.de\/index.php?rest_route=\/wp\/v2\/types\/page"}],"author":[{"embeddable":true,"href":"https:\/\/bergsaenger-geyer.de\/index.php?rest_route=\/wp\/v2\/users\/1"}],"replies":[{"embeddable":true,"href":"https:\/\/bergsaenger-geyer.de\/index.php?rest_route=%2Fwp%2Fv2%2Fcomments&post=10"}],"version-history":[{"count":25,"href":"https:\/\/bergsaenger-geyer.de\/index.php?rest_route=\/wp\/v2\/pages\/10\/revisions"}],"predecessor-version":[{"id":354,"href":"https:\/\/bergsaenger-geyer.de\/index.php?rest_route=\/wp\/v2\/pages\/10\/revisions\/354"}],"wp:featuredmedia":[{"embeddable":true,"href":"https:\/\/bergsaenger-geyer.de\/index.php?rest_route=\/wp\/v2\/media\/5"}],"wp:attachment":[{"href":"https:\/\/bergsaenger-geyer.de\/index.php?rest_route=%2Fwp%2Fv2%2Fmedia&parent=10"}],"curies":[{"name":"wp","href":"https:\/\/api.w.org\/{rel}","templated":true}]}}